{"id":227,"date":"2022-06-20T16:46:14","date_gmt":"2022-06-20T20:46:14","guid":{"rendered":"https:\/\/www.inspex.cl\/?page_id=227"},"modified":"2022-06-20T16:50:58","modified_gmt":"2022-06-20T20:50:58","slug":"servicios","status":"publish","type":"page","link":"https:\/\/www.inspex.cl\/?page_id=227","title":{"rendered":"Servicios"},"content":{"rendered":"\t\t<div data-elementor-type=\"wp-page\" data-elementor-id=\"227\" class=\"elementor elementor-227\" data-elementor-settings=\"[]\">\n\t\t\t\t\t\t\t<div class=\"elementor-section-wrap\">\n\t\t\t\t\t\t\t<section class=\"elementor-section elementor-top-section elementor-element elementor-element-27d95661 elementor-section-boxed elementor-section-height-default elementor-section-height-default\" data-id=\"27d95661\" data-element_type=\"section\">\n\t\t\t\t\t\t<div class=\"elementor-container elementor-column-gap-default\">\n\t\t\t\t\t<div class=\"elementor-column elementor-col-100 elementor-top-column elementor-element elementor-element-6bb5bbe1\" data-id=\"6bb5bbe1\" data-element_type=\"column\">\n\t\t\t<div class=\"elementor-widget-wrap elementor-element-populated\">\n\t\t\t\t\t\t\t\t<div class=\"elementor-element elementor-element-1959802 elementor-widget elementor-widget-text-editor\" data-id=\"1959802\" data-element_type=\"widget\" data-widget_type=\"text-editor.default\">\n\t\t\t\t<div class=\"elementor-widget-container\">\n\t\t\t<style>\/*! elementor - v3.5.6 - 28-02-2022 *\/\n.elementor-widget-text-editor.elementor-drop-cap-view-stacked .elementor-drop-cap{background-color:#818a91;color:#fff}.elementor-widget-text-editor.elementor-drop-cap-view-framed .elementor-drop-cap{color:#818a91;border:3px solid;background-color:transparent}.elementor-widget-text-editor:not(.elementor-drop-cap-view-default) .elementor-drop-cap{margin-top:8px}.elementor-widget-text-editor:not(.elementor-drop-cap-view-default) .elementor-drop-cap-letter{width:1em;height:1em}.elementor-widget-text-editor .elementor-drop-cap{float:left;text-align:center;line-height:1;font-size:50px}.elementor-widget-text-editor .elementor-drop-cap-letter{display:inline-block}<\/style>\t\t\t\t<h3>Los Servicios de Consultor\u00eda en Construcci\u00f3n Incluyen:<\/h3>\t\t\t\t\t\t<\/div>\n\t\t\t\t<\/div>\n\t\t\t\t\t<\/div>\n\t\t<\/div>\n\t\t\t\t\t\t\t<\/div>\n\t\t<\/section>\n\t\t\t\t<section class=\"elementor-section elementor-top-section elementor-element elementor-element-a1d698f elementor-section-boxed elementor-section-height-default elementor-section-height-default\" data-id=\"a1d698f\" data-element_type=\"section\">\n\t\t\t\t\t\t<div class=\"elementor-container elementor-column-gap-default\">\n\t\t\t\t\t<div class=\"elementor-column elementor-col-66 elementor-top-column elementor-element elementor-element-7e2bcee\" data-id=\"7e2bcee\" data-element_type=\"column\">\n\t\t\t<div class=\"elementor-widget-wrap elementor-element-populated\">\n\t\t\t\t\t\t\t\t<div class=\"elementor-element elementor-element-85e134a elementor-widget elementor-widget-text-editor\" data-id=\"85e134a\" data-element_type=\"widget\" data-widget_type=\"text-editor.default\">\n\t\t\t\t<div class=\"elementor-widget-container\">\n\t\t\t\t\t\t\t<ul>\n \t<li>Im\u00e1genes forenses 3D<\/li>\n \t<li>Riesgo de construcci\u00f3n \/ Proceso de construcci\u00f3n<\/li>\n \t<li>Director de obra<\/li>\n \t<li>Defectos constructivos<\/li>\n<\/ul>\n<ul>\n \t<li>Licitaciones<\/li>\n \t<li>Estimaci\u00f3n de costos, incluyendo costos param\u00e9tricos y reservas<\/li>\n \t<li>Costo de reparaci\u00f3n<\/li>\n \t<li>Impacto por retrasos<\/li>\n<\/ul>\n<ul>\n \t<li>Depreciaci\u00f3n<\/li>\n \t<li>Revisi\u00f3n en gabinete<\/li>\n \t<li>Resoluci\u00f3n de disputas, incluyendo asistencia con conciliaciones, mediaciones y arbitrajes<\/li>\n \t<li>Apoyo con testigos expertos (peritos) y procesos legales<\/li>\n<\/ul>\n<ul>\n \t<li>Alcance y revisi\u00f3n del contrato<\/li>\n \t<li>Subrogaci\u00f3n<\/li>\n \t<li>Procedimientos de garant\u00edas<\/li>\n \t<li>Vuelo de drone<\/li>\n<\/ul>\t\t\t\t\t\t<\/div>\n\t\t\t\t<\/div>\n\t\t\t\t\t<\/div>\n\t\t<\/div>\n\t\t\t\t<div class=\"elementor-column elementor-col-33 elementor-top-column elementor-element elementor-element-1b763b8\" data-id=\"1b763b8\" data-element_type=\"column\">\n\t\t\t<div class=\"elementor-widget-wrap elementor-element-populated\">\n\t\t\t\t\t\t\t\t<div class=\"elementor-element elementor-element-4f505eb elementor-widget elementor-widget-text-editor\" data-id=\"4f505eb\" data-element_type=\"widget\" data-widget_type=\"text-editor.default\">\n\t\t\t\t<div class=\"elementor-widget-container\">\n\t\t\t\t\t\t\t<div style=\"width: 450px;\" class=\"wp-video\"><!--[if lt IE 9]><script>document.createElement('video');<\/script><![endif]-->\n<video class=\"wp-video-shortcode\" id=\"video-227-1\" width=\"450\" height=\"254\" poster=\"https:\/\/www.americanchemical.cl\/wp-content\/uploads\/2018\/02\/service-ten.jpg\" preload=\"metadata\" controls=\"controls\"><source type=\"video\/mp4\" src=\"https:\/\/www.americanchemical.cl\/wp-content\/uploads\/2022\/04\/NAZER-INGENIERIA-IGNIFUGOS-360p.mp4?_=1\" \/><a href=\"https:\/\/www.americanchemical.cl\/wp-content\/uploads\/2022\/04\/NAZER-INGENIERIA-IGNIFUGOS-360p.mp4\">https:\/\/www.americanchemical.cl\/wp-content\/uploads\/2022\/04\/NAZER-INGENIERIA-IGNIFUGOS-360p.mp4<\/a><\/video><\/div>\t\t\t\t\t\t<\/div>\n\t\t\t\t<\/div>\n\t\t\t\t\t<\/div>\n\t\t<\/div>\n\t\t\t\t\t\t\t<\/div>\n\t\t<\/section>\n\t\t\t\t\t\t<\/div>\n\t\t\t\t\t<\/div>\n\t\t","protected":false},"excerpt":{"rendered":"<p>Los Servicios de Consultor\u00eda en Construcci\u00f3n Incluyen: Im\u00e1genes forenses 3D Riesgo de construcci\u00f3n \/ Proceso de construcci\u00f3n Director de obra Defectos constructivos Licitaciones Estimaci\u00f3n de costos, incluyendo costos param\u00e9tricos y reservas Costo de reparaci\u00f3n Impacto por retrasos Depreciaci\u00f3n Revisi\u00f3n en gabinete Resoluci\u00f3n de disputas, incluyendo asistencia con conciliaciones, mediaciones y arbitrajes Apoyo con testigos expertos&hellip; <br \/> <a class=\"button small blue\" href=\"https:\/\/www.inspex.cl\/?page_id=227\">Leer m\u00e1s<\/a><\/p>\n","protected":false},"author":1,"featured_media":0,"parent":0,"menu_order":0,"comment_status":"closed","ping_status":"closed","template":"","meta":{"footnotes":""},"_links":{"self":[{"href":"https:\/\/www.inspex.cl\/index.php?rest_route=\/wp\/v2\/pages\/227"}],"collection":[{"href":"https:\/\/www.inspex.cl\/index.php?rest_route=\/wp\/v2\/pages"}],"about":[{"href":"https:\/\/www.inspex.cl\/index.php?rest_route=\/wp\/v2\/types\/page"}],"author":[{"embeddable":true,"href":"https:\/\/www.inspex.cl\/index.php?rest_route=\/wp\/v2\/users\/1"}],"replies":[{"embeddable":true,"href":"https:\/\/www.inspex.cl\/index.php?rest_route=%2Fwp%2Fv2%2Fcomments&post=227"}],"version-history":[{"count":4,"href":"https:\/\/www.inspex.cl\/index.php?rest_route=\/wp\/v2\/pages\/227\/revisions"}],"predecessor-version":[{"id":233,"href":"https:\/\/www.inspex.cl\/index.php?rest_route=\/wp\/v2\/pages\/227\/revisions\/233"}],"wp:attachment":[{"href":"https:\/\/www.inspex.cl\/index.php?rest_route=%2Fwp%2Fv2%2Fmedia&parent=227"}],"curies":[{"name":"wp","href":"https:\/\/api.w.org\/{rel}","templated":true}]}}