{"id":184,"date":"2022-02-23T04:50:15","date_gmt":"2022-02-23T04:50:15","guid":{"rendered":"https:\/\/www.inspex.cl\/?page_id=184"},"modified":"2022-02-23T05:23:52","modified_gmt":"2022-02-23T05:23:52","slug":"presentacion-ii","status":"publish","type":"page","link":"https:\/\/www.inspex.cl\/","title":{"rendered":"Presentacion II"},"content":{"rendered":"\t\t<div data-elementor-type=\"wp-page\" data-elementor-id=\"184\" class=\"elementor elementor-184\" data-elementor-settings=\"[]\">\n\t\t\t\t\t\t\t<div class=\"elementor-section-wrap\">\n\t\t\t\t\t\t\t<section class=\"elementor-section elementor-top-section elementor-element elementor-element-bfddbf0 elementor-section-boxed elementor-section-height-default elementor-section-height-default\" data-id=\"bfddbf0\" data-element_type=\"section\">\n\t\t\t\t\t\t<div class=\"elementor-container elementor-column-gap-default\">\n\t\t\t\t\t<div class=\"elementor-column elementor-col-50 elementor-top-column elementor-element elementor-element-59bfe98\" data-id=\"59bfe98\" data-element_type=\"column\">\n\t\t\t<div class=\"elementor-widget-wrap elementor-element-populated\">\n\t\t\t\t\t\t\t\t<div class=\"elementor-element elementor-element-d2670ab elementor-widget elementor-widget-image\" data-id=\"d2670ab\" data-element_type=\"widget\" data-widget_type=\"image.default\">\n\t\t\t\t<div class=\"elementor-widget-container\">\n\t\t\t<style>\/*! elementor - v3.5.6 - 28-02-2022 *\/\n.elementor-widget-image{text-align:center}.elementor-widget-image a{display:inline-block}.elementor-widget-image a img[src$=\".svg\"]{width:48px}.elementor-widget-image img{vertical-align:middle;display:inline-block}<\/style>\t\t\t\t\t\t\t\t\t\t\t\t<img loading=\"lazy\" decoding=\"async\" width=\"636\" height=\"723\" src=\"https:\/\/www.inspex.cl\/wp-content\/uploads\/2022\/02\/img6.jpg\" class=\"attachment-large size-large\" alt=\"\" srcset=\"https:\/\/www.inspex.cl\/wp-content\/uploads\/2022\/02\/img6.jpg 636w, https:\/\/www.inspex.cl\/wp-content\/uploads\/2022\/02\/img6-264x300.jpg 264w\" sizes=\"(max-width: 636px) 100vw, 636px\" \/>\t\t\t\t\t\t\t\t\t\t\t\t\t\t\t<\/div>\n\t\t\t\t<\/div>\n\t\t\t\t\t<\/div>\n\t\t<\/div>\n\t\t\t\t<div class=\"elementor-column elementor-col-50 elementor-top-column elementor-element elementor-element-97f3e6e\" data-id=\"97f3e6e\" data-element_type=\"column\">\n\t\t\t<div class=\"elementor-widget-wrap elementor-element-populated\">\n\t\t\t\t\t\t\t\t<div class=\"elementor-element elementor-element-d91339c elementor-widget elementor-widget-text-editor\" data-id=\"d91339c\" data-element_type=\"widget\" data-widget_type=\"text-editor.default\">\n\t\t\t\t<div class=\"elementor-widget-container\">\n\t\t\t<style>\/*! elementor - v3.5.6 - 28-02-2022 *\/\n.elementor-widget-text-editor.elementor-drop-cap-view-stacked .elementor-drop-cap{background-color:#818a91;color:#fff}.elementor-widget-text-editor.elementor-drop-cap-view-framed .elementor-drop-cap{color:#818a91;border:3px solid;background-color:transparent}.elementor-widget-text-editor:not(.elementor-drop-cap-view-default) .elementor-drop-cap{margin-top:8px}.elementor-widget-text-editor:not(.elementor-drop-cap-view-default) .elementor-drop-cap-letter{width:1em;height:1em}.elementor-widget-text-editor .elementor-drop-cap{float:left;text-align:center;line-height:1;font-size:50px}.elementor-widget-text-editor .elementor-drop-cap-letter{display:inline-block}<\/style>\t\t\t\t<div data-post-id='14' class='insert-page insert-page-14 '><p><span style=\"font-size: medium;\">Basados en el estudio y conocimiento de las empresas que representamos somos capaces de identificar e implementar las necesidades precisas de nuestro cliente. Nos caracteriza la capacidad de adaptarnos a los procedimientos de nuestro cliente y de formar lazos estrechos con sus representantes para lograr que las claves de costo, tiempo, calidad y por sobre todo la satisfacci\u00f3n del cliente se cumplan, siempre buscando e implementando nuevas variantes en la ingenier\u00eda y el gerenciamiento de proyectos.<\/span><\/p>\n<\/div>\t\t\t\t\t\t<\/div>\n\t\t\t\t<\/div>\n\t\t\t\t\t<\/div>\n\t\t<\/div>\n\t\t\t\t\t\t\t<\/div>\n\t\t<\/section>\n\t\t\t\t<section class=\"elementor-section elementor-top-section elementor-element elementor-element-c01ecf2 elementor-section-boxed elementor-section-height-default elementor-section-height-default\" data-id=\"c01ecf2\" data-element_type=\"section\">\n\t\t\t\t\t\t<div class=\"elementor-container elementor-column-gap-default\">\n\t\t\t\t\t<div class=\"elementor-column elementor-col-50 elementor-top-column elementor-element elementor-element-8e55124\" data-id=\"8e55124\" data-element_type=\"column\">\n\t\t\t<div class=\"elementor-widget-wrap elementor-element-populated\">\n\t\t\t\t\t\t\t\t<div class=\"elementor-element elementor-element-0b59e9a elementor-widget elementor-widget-text-editor\" data-id=\"0b59e9a\" data-element_type=\"widget\" data-widget_type=\"text-editor.default\">\n\t\t\t\t<div class=\"elementor-widget-container\">\n\t\t\t\t\t\t\t<div data-post-id='37' class='insert-page insert-page-37 '><h4>Quality Assurance Quality Control<\/h4>\n<p><span style=\"font-size: medium;\">QA \/ QC es combinar el proceso o conjunto de procesos utilizados<br \/>\npara medir y asegurar la calidad con el fin de garantizar que los<br \/>\nproductos y servicios resultantes cumplan con las expectativas del consumidor.<\/span><\/p>\n<p>Contamos con profesionales certificados en t\u00e9cnicas y desarrollo<br \/>\nde procedimientos en QA\/QC que nos permiten asegurar la<br \/>\nsatisfacci\u00f3n final de nuestros clientes.<\/p>\n<\/div>\t\t\t\t\t\t<\/div>\n\t\t\t\t<\/div>\n\t\t\t\t\t<\/div>\n\t\t<\/div>\n\t\t\t\t<div class=\"elementor-column elementor-col-50 elementor-top-column elementor-element elementor-element-c34d4f1\" data-id=\"c34d4f1\" data-element_type=\"column\">\n\t\t\t<div class=\"elementor-widget-wrap elementor-element-populated\">\n\t\t\t\t\t\t\t\t<div class=\"elementor-element elementor-element-f91ad3a elementor-widget elementor-widget-image\" data-id=\"f91ad3a\" data-element_type=\"widget\" data-widget_type=\"image.default\">\n\t\t\t\t<div class=\"elementor-widget-container\">\n\t\t\t\t\t\t\t\t\t\t\t\t\t\t\t<img loading=\"lazy\" decoding=\"async\" width=\"636\" height=\"723\" src=\"https:\/\/www.inspex.cl\/wp-content\/uploads\/2022\/02\/img16.jpg\" class=\"attachment-large size-large\" alt=\"\" srcset=\"https:\/\/www.inspex.cl\/wp-content\/uploads\/2022\/02\/img16.jpg 636w, https:\/\/www.inspex.cl\/wp-content\/uploads\/2022\/02\/img16-264x300.jpg 264w\" sizes=\"(max-width: 636px) 100vw, 636px\" \/>\t\t\t\t\t\t\t\t\t\t\t\t\t\t\t<\/div>\n\t\t\t\t<\/div>\n\t\t\t\t\t<\/div>\n\t\t<\/div>\n\t\t\t\t\t\t\t<\/div>\n\t\t<\/section>\n\t\t\t\t<section class=\"elementor-section elementor-top-section elementor-element elementor-element-b378cf8 elementor-section-boxed elementor-section-height-default elementor-section-height-default\" data-id=\"b378cf8\" data-element_type=\"section\">\n\t\t\t\t\t\t<div class=\"elementor-container elementor-column-gap-default\">\n\t\t\t\t\t<div class=\"elementor-column elementor-col-50 elementor-top-column elementor-element elementor-element-b96f554\" data-id=\"b96f554\" data-element_type=\"column\">\n\t\t\t<div class=\"elementor-widget-wrap elementor-element-populated\">\n\t\t\t\t\t\t\t\t<div class=\"elementor-element elementor-element-b7c24f0 elementor-widget elementor-widget-image\" data-id=\"b7c24f0\" data-element_type=\"widget\" data-widget_type=\"image.default\">\n\t\t\t\t<div class=\"elementor-widget-container\">\n\t\t\t\t\t\t\t\t\t\t\t\t\t\t\t<img loading=\"lazy\" decoding=\"async\" width=\"636\" height=\"723\" src=\"https:\/\/www.inspex.cl\/wp-content\/uploads\/2022\/02\/img21.jpg\" class=\"attachment-large size-large\" alt=\"\" srcset=\"https:\/\/www.inspex.cl\/wp-content\/uploads\/2022\/02\/img21.jpg 636w, https:\/\/www.inspex.cl\/wp-content\/uploads\/2022\/02\/img21-264x300.jpg 264w\" sizes=\"(max-width: 636px) 100vw, 636px\" \/>\t\t\t\t\t\t\t\t\t\t\t\t\t\t\t<\/div>\n\t\t\t\t<\/div>\n\t\t\t\t\t<\/div>\n\t\t<\/div>\n\t\t\t\t<div class=\"elementor-column elementor-col-50 elementor-top-column elementor-element elementor-element-de901da\" data-id=\"de901da\" data-element_type=\"column\">\n\t\t\t<div class=\"elementor-widget-wrap elementor-element-populated\">\n\t\t\t\t\t\t\t\t<div class=\"elementor-element elementor-element-32cb8c7 elementor-widget elementor-widget-text-editor\" data-id=\"32cb8c7\" data-element_type=\"widget\" data-widget_type=\"text-editor.default\">\n\t\t\t\t<div class=\"elementor-widget-container\">\n\t\t\t\t\t\t\t<div data-post-id='43' class='insert-page insert-page-43 '><h4>HSEC<\/h4>\n<p><span style=\"font-size: medium;\">En INSPEX vamos un paso m\u00e1s all\u00e1 en lo que a HSEC en obra se refiere.<br \/>\nAsesoramos permanentemente a nuestros clientes y somos socios suyos en ejecutar obras con minimo impacto, en lo referente a enfermedades ocupacionales, accidentes laborales, impacto al medioambiente, impacto a la comunidad.<\/span><\/p>\n<\/div>\t\t\t\t\t\t<\/div>\n\t\t\t\t<\/div>\n\t\t\t\t\t<\/div>\n\t\t<\/div>\n\t\t\t\t\t\t\t<\/div>\n\t\t<\/section>\n\t\t\t\t<section class=\"elementor-section elementor-top-section elementor-element elementor-element-df1232d elementor-section-boxed elementor-section-height-default elementor-section-height-default\" data-id=\"df1232d\" data-element_type=\"section\">\n\t\t\t\t\t\t<div class=\"elementor-container elementor-column-gap-default\">\n\t\t\t\t\t<div class=\"elementor-column elementor-col-50 elementor-top-column elementor-element elementor-element-a2a94df\" data-id=\"a2a94df\" data-element_type=\"column\">\n\t\t\t<div class=\"elementor-widget-wrap elementor-element-populated\">\n\t\t\t\t\t\t\t\t<div class=\"elementor-element elementor-element-6733246 elementor-widget elementor-widget-text-editor\" data-id=\"6733246\" data-element_type=\"widget\" data-widget_type=\"text-editor.default\">\n\t\t\t\t<div class=\"elementor-widget-container\">\n\t\t\t\t\t\t\t<div data-post-id='47' class='insert-page insert-page-47 '><h4>Inspecci\u00f3n t\u00e9cnica de obras<\/h4>\n<p><span style=\"font-size: medium;\">Nuestro concepto de inspecci\u00f3n t\u00e9cnica de obras se basa en la<br \/>\nteor\u00eda y practica del gerenciamiento de proyectos donde nuestros profesionales son<br \/>\nactivos protagonistas de cada obra, guiados por la experiencia de mas de 20 a\u00f1os en el mercado<br \/>\nde la construcci\u00f3n de sus socios fundadores.<\/span><\/p>\n<\/div>\t\t\t\t\t\t<\/div>\n\t\t\t\t<\/div>\n\t\t\t\t\t<\/div>\n\t\t<\/div>\n\t\t\t\t<div class=\"elementor-column elementor-col-50 elementor-top-column elementor-element elementor-element-7976d80\" data-id=\"7976d80\" data-element_type=\"column\">\n\t\t\t<div class=\"elementor-widget-wrap elementor-element-populated\">\n\t\t\t\t\t\t\t\t<div class=\"elementor-element elementor-element-1fff948 elementor-widget elementor-widget-image\" data-id=\"1fff948\" data-element_type=\"widget\" data-widget_type=\"image.default\">\n\t\t\t\t<div class=\"elementor-widget-container\">\n\t\t\t\t\t\t\t\t\t\t\t\t\t\t\t<img loading=\"lazy\" decoding=\"async\" width=\"636\" height=\"723\" src=\"https:\/\/www.inspex.cl\/wp-content\/uploads\/2022\/02\/img26.jpg\" class=\"attachment-large size-large\" alt=\"\" srcset=\"https:\/\/www.inspex.cl\/wp-content\/uploads\/2022\/02\/img26.jpg 636w, https:\/\/www.inspex.cl\/wp-content\/uploads\/2022\/02\/img26-264x300.jpg 264w\" sizes=\"(max-width: 636px) 100vw, 636px\" \/>\t\t\t\t\t\t\t\t\t\t\t\t\t\t\t<\/div>\n\t\t\t\t<\/div>\n\t\t\t\t\t<\/div>\n\t\t<\/div>\n\t\t\t\t\t\t\t<\/div>\n\t\t<\/section>\n\t\t\t\t<section class=\"elementor-section elementor-top-section elementor-element elementor-element-1474596 elementor-section-boxed elementor-section-height-default elementor-section-height-default\" data-id=\"1474596\" data-element_type=\"section\">\n\t\t\t\t\t\t<div class=\"elementor-container elementor-column-gap-default\">\n\t\t\t\t\t<div class=\"elementor-column elementor-col-50 elementor-top-column elementor-element elementor-element-0c41788\" data-id=\"0c41788\" data-element_type=\"column\">\n\t\t\t<div class=\"elementor-widget-wrap elementor-element-populated\">\n\t\t\t\t\t\t\t\t<div class=\"elementor-element elementor-element-57cac07 elementor-widget elementor-widget-image\" data-id=\"57cac07\" data-element_type=\"widget\" data-widget_type=\"image.default\">\n\t\t\t\t<div class=\"elementor-widget-container\">\n\t\t\t\t\t\t\t\t\t\t\t\t\t\t\t<img loading=\"lazy\" decoding=\"async\" width=\"636\" height=\"723\" src=\"https:\/\/www.inspex.cl\/wp-content\/uploads\/2022\/02\/img29.jpg\" class=\"attachment-large size-large\" alt=\"\" srcset=\"https:\/\/www.inspex.cl\/wp-content\/uploads\/2022\/02\/img29.jpg 636w, https:\/\/www.inspex.cl\/wp-content\/uploads\/2022\/02\/img29-264x300.jpg 264w\" sizes=\"(max-width: 636px) 100vw, 636px\" \/>\t\t\t\t\t\t\t\t\t\t\t\t\t\t\t<\/div>\n\t\t\t\t<\/div>\n\t\t\t\t\t<\/div>\n\t\t<\/div>\n\t\t\t\t<div class=\"elementor-column elementor-col-50 elementor-top-column elementor-element elementor-element-2c61a06\" data-id=\"2c61a06\" data-element_type=\"column\">\n\t\t\t<div class=\"elementor-widget-wrap elementor-element-populated\">\n\t\t\t\t\t\t\t\t<div class=\"elementor-element elementor-element-52e878a elementor-widget elementor-widget-text-editor\" data-id=\"52e878a\" data-element_type=\"widget\" data-widget_type=\"text-editor.default\">\n\t\t\t\t<div class=\"elementor-widget-container\">\n\t\t\t\t\t\t\t<div data-post-id='50' class='insert-page insert-page-50 '><h4>Coordinaci\u00f3n de proyectos<\/h4>\n<p><span style=\"font-size: medium;\">Revisi\u00f3n permanente de los proyectos y especialidades que componen las distintas \u00e1reas del producto final, coordinando su ejecuci\u00f3n oportuna sin impacto al plazo y al costo, es una de nuestras principales fortalezas como ingenieros.<\/span><\/p>\n<\/div>\t\t\t\t\t\t<\/div>\n\t\t\t\t<\/div>\n\t\t\t\t\t<\/div>\n\t\t<\/div>\n\t\t\t\t\t\t\t<\/div>\n\t\t<\/section>\n\t\t\t\t<section class=\"elementor-section elementor-top-section elementor-element elementor-element-23dcc78 elementor-section-boxed elementor-section-height-default elementor-section-height-default\" data-id=\"23dcc78\" data-element_type=\"section\">\n\t\t\t\t\t\t<div class=\"elementor-container elementor-column-gap-default\">\n\t\t\t\t\t<div class=\"elementor-column elementor-col-50 elementor-top-column elementor-element elementor-element-7f1f6a3\" data-id=\"7f1f6a3\" data-element_type=\"column\">\n\t\t\t<div class=\"elementor-widget-wrap elementor-element-populated\">\n\t\t\t\t\t\t\t\t<div class=\"elementor-element elementor-element-84b4109 elementor-widget elementor-widget-text-editor\" data-id=\"84b4109\" data-element_type=\"widget\" data-widget_type=\"text-editor.default\">\n\t\t\t\t<div class=\"elementor-widget-container\">\n\t\t\t\t\t\t\t<div data-post-id='53' class='insert-page insert-page-53 '><h4>Asesor\u00eda t\u00e9cnica<\/h4>\n<p><span style=\"font-size: medium;\">Nuestra permanente disposici\u00f3n y experiencia en la revisi\u00f3n de proyectos, nos permite ofrecer propuestas de soluciones a los problemas siempre asegurando costos, plazos y la calidad de la obra.<\/span><\/p>\n<\/div>\t\t\t\t\t\t<\/div>\n\t\t\t\t<\/div>\n\t\t\t\t\t<\/div>\n\t\t<\/div>\n\t\t\t\t<div class=\"elementor-column elementor-col-50 elementor-top-column elementor-element elementor-element-c5ce0d3\" data-id=\"c5ce0d3\" data-element_type=\"column\">\n\t\t\t<div class=\"elementor-widget-wrap elementor-element-populated\">\n\t\t\t\t\t\t\t\t<div class=\"elementor-element elementor-element-f57bee1 elementor-widget elementor-widget-image\" data-id=\"f57bee1\" data-element_type=\"widget\" data-widget_type=\"image.default\">\n\t\t\t\t<div class=\"elementor-widget-container\">\n\t\t\t\t\t\t\t\t\t\t\t\t\t\t\t<img loading=\"lazy\" decoding=\"async\" width=\"636\" height=\"723\" src=\"https:\/\/www.inspex.cl\/wp-content\/uploads\/2022\/02\/img32.jpg\" class=\"attachment-large size-large\" alt=\"\" srcset=\"https:\/\/www.inspex.cl\/wp-content\/uploads\/2022\/02\/img32.jpg 636w, https:\/\/www.inspex.cl\/wp-content\/uploads\/2022\/02\/img32-264x300.jpg 264w\" sizes=\"(max-width: 636px) 100vw, 636px\" \/>\t\t\t\t\t\t\t\t\t\t\t\t\t\t\t<\/div>\n\t\t\t\t<\/div>\n\t\t\t\t\t<\/div>\n\t\t<\/div>\n\t\t\t\t\t\t\t<\/div>\n\t\t<\/section>\n\t\t\t\t<section class=\"elementor-section elementor-top-section elementor-element elementor-element-babb739 elementor-section-height-full elementor-section-boxed elementor-section-height-default elementor-section-items-middle\" data-id=\"babb739\" data-element_type=\"section\">\n\t\t\t\t\t\t<div class=\"elementor-container elementor-column-gap-default\">\n\t\t\t\t\t<div class=\"elementor-column elementor-col-50 elementor-top-column elementor-element elementor-element-b92c4e5\" data-id=\"b92c4e5\" data-element_type=\"column\">\n\t\t\t<div class=\"elementor-widget-wrap elementor-element-populated\">\n\t\t\t\t\t\t\t\t<div class=\"elementor-element elementor-element-fa6828e elementor-widget elementor-widget-heading\" data-id=\"fa6828e\" data-element_type=\"widget\" data-widget_type=\"heading.default\">\n\t\t\t\t<div class=\"elementor-widget-container\">\n\t\t\t<style>\/*! elementor - v3.5.6 - 28-02-2022 *\/\n.elementor-heading-title{padding:0;margin:0;line-height:1}.elementor-widget-heading .elementor-heading-title[class*=elementor-size-]>a{color:inherit;font-size:inherit;line-height:inherit}.elementor-widget-heading .elementor-heading-title.elementor-size-small{font-size:15px}.elementor-widget-heading .elementor-heading-title.elementor-size-medium{font-size:19px}.elementor-widget-heading .elementor-heading-title.elementor-size-large{font-size:29px}.elementor-widget-heading .elementor-heading-title.elementor-size-xl{font-size:39px}.elementor-widget-heading .elementor-heading-title.elementor-size-xxl{font-size:59px}<\/style><h2 class=\"elementor-heading-title elementor-size-default\">Cont\u00e1ctenos<\/h2>\t\t<\/div>\n\t\t\t\t<\/div>\n\t\t\t\t<div class=\"elementor-element elementor-element-383cb4c elementor-widget elementor-widget-google_maps\" data-id=\"383cb4c\" data-element_type=\"widget\" data-widget_type=\"google_maps.default\">\n\t\t\t\t<div class=\"elementor-widget-container\">\n\t\t\t<style>\/*! elementor - v3.5.6 - 28-02-2022 *\/\n.elementor-widget-google_maps .elementor-widget-container{overflow:hidden}.elementor-widget-google_maps iframe{height:300px}<\/style>\t\t<div class=\"elementor-custom-embed\">\n\t\t\t<iframe frameborder=\"0\" scrolling=\"no\" marginheight=\"0\" marginwidth=\"0\"\n\t\t\t\t\tsrc=\"https:\/\/maps.google.com\/maps?q=San%20Ignacio%20de%20loyola%201070&#038;t=m&#038;z=15&#038;output=embed&#038;iwloc=near\"\n\t\t\t\t\ttitle=\"San Ignacio de loyola 1070\"\n\t\t\t\t\taria-label=\"San Ignacio de loyola 1070\"\n\t\t\t><\/iframe>\n\t\t<\/div>\n\t\t\t\t<\/div>\n\t\t\t\t<\/div>\n\t\t\t\t<div class=\"elementor-element elementor-element-1da917c elementor-widget elementor-widget-text-editor\" data-id=\"1da917c\" data-element_type=\"widget\" data-widget_type=\"text-editor.default\">\n\t\t\t\t<div class=\"elementor-widget-container\">\n\t\t\t\t\t\t\t<p>San Ignacio 1070, Santiago<\/p>\t\t\t\t\t\t<\/div>\n\t\t\t\t<\/div>\n\t\t\t\t\t<\/div>\n\t\t<\/div>\n\t\t\t\t<div class=\"elementor-column elementor-col-50 elementor-top-column elementor-element elementor-element-d46447a\" data-id=\"d46447a\" data-element_type=\"column\">\n\t\t\t<div class=\"elementor-widget-wrap elementor-element-populated\">\n\t\t\t\t\t\t\t\t<div class=\"elementor-element elementor-element-3a4c8d3 elementor-widget elementor-widget-text-editor\" data-id=\"3a4c8d3\" data-element_type=\"widget\" data-widget_type=\"text-editor.default\">\n\t\t\t\t<div class=\"elementor-widget-container\">\n\t\t\t\t\t\t\t<div role=\"form\" class=\"wpcf7\" id=\"wpcf7-f65-o1\" lang=\"es-ES\" dir=\"ltr\">\n<div class=\"screen-reader-response\"><p role=\"status\" aria-live=\"polite\" aria-atomic=\"true\"><\/p> <ul><\/ul><\/div>\n<form action=\"\/index.php?rest_route=%2Fwp%2Fv2%2Fpages%2F184#wpcf7-f65-o1\" method=\"post\" class=\"wpcf7-form init\" novalidate=\"novalidate\" data-status=\"init\">\n<div style=\"display: none;\">\n<input type=\"hidden\" name=\"_wpcf7\" value=\"65\" \/>\n<input type=\"hidden\" name=\"_wpcf7_version\" value=\"5.5.6\" \/>\n<input type=\"hidden\" name=\"_wpcf7_locale\" value=\"es_ES\" \/>\n<input type=\"hidden\" name=\"_wpcf7_unit_tag\" value=\"wpcf7-f65-o1\" \/>\n<input type=\"hidden\" name=\"_wpcf7_container_post\" value=\"0\" \/>\n<input type=\"hidden\" name=\"_wpcf7_posted_data_hash\" value=\"\" \/>\n<input type=\"hidden\" name=\"_wpcf7_recaptcha_response\" value=\"\" \/>\n<\/div>\n<p><label> Tu nombre<br \/>\n    <span class=\"wpcf7-form-control-wrap your-name\"><input type=\"text\" name=\"your-name\" value=\"\" size=\"40\" class=\"wpcf7-form-control wpcf7-text wpcf7-validates-as-required\" aria-required=\"true\" aria-invalid=\"false\" \/><\/span> <\/label><\/p>\n<p><label> Tu correo electr\u00f3nico<br \/>\n    <span class=\"wpcf7-form-control-wrap your-email\"><input type=\"email\" name=\"your-email\" value=\"\" size=\"40\" class=\"wpcf7-form-control wpcf7-text wpcf7-email wpcf7-validates-as-required wpcf7-validates-as-email\" aria-required=\"true\" aria-invalid=\"false\" \/><\/span> <\/label><\/p>\n<p><label> Asunto<br \/>\n    <span class=\"wpcf7-form-control-wrap your-subject\"><input type=\"text\" name=\"your-subject\" value=\"\" size=\"40\" class=\"wpcf7-form-control wpcf7-text wpcf7-validates-as-required\" aria-required=\"true\" aria-invalid=\"false\" \/><\/span> <\/label><\/p>\n<p><label> Tu mensaje (opcional)<br \/>\n    <span class=\"wpcf7-form-control-wrap your-message\"><textarea name=\"your-message\" cols=\"40\" rows=\"10\" class=\"wpcf7-form-control wpcf7-textarea\" aria-invalid=\"false\"><\/textarea><\/span> <\/label><\/p>\n<p><input type=\"submit\" value=\"Enviar\" class=\"wpcf7-form-control has-spinner wpcf7-submit\" \/><\/p>\n<div class=\"wpcf7-response-output\" aria-hidden=\"true\"><\/div><\/form><\/div>\t\t\t\t\t\t<\/div>\n\t\t\t\t<\/div>\n\t\t\t\t\t<\/div>\n\t\t<\/div>\n\t\t\t\t\t\t\t<\/div>\n\t\t<\/section>\n\t\t\t\t\t\t<\/div>\n\t\t\t\t\t<\/div>\n\t\t","protected":false},"excerpt":{"rendered":"<p>Cont\u00e1ctenos San Ignacio 1070, Santiago<\/p>\n","protected":false},"author":1,"featured_media":0,"parent":0,"menu_order":0,"comment_status":"closed","ping_status":"closed","template":"page-templates\/homepage.php","meta":{"footnotes":""},"_links":{"self":[{"href":"https:\/\/www.inspex.cl\/index.php?rest_route=\/wp\/v2\/pages\/184"}],"collection":[{"href":"https:\/\/www.inspex.cl\/index.php?rest_route=\/wp\/v2\/pages"}],"about":[{"href":"https:\/\/www.inspex.cl\/index.php?rest_route=\/wp\/v2\/types\/page"}],"author":[{"embeddable":true,"href":"https:\/\/www.inspex.cl\/index.php?rest_route=\/wp\/v2\/users\/1"}],"replies":[{"embeddable":true,"href":"https:\/\/www.inspex.cl\/index.php?rest_route=%2Fwp%2Fv2%2Fcomments&post=184"}],"version-history":[{"count":7,"href":"https:\/\/www.inspex.cl\/index.php?rest_route=\/wp\/v2\/pages\/184\/revisions"}],"predecessor-version":[{"id":203,"href":"https:\/\/www.inspex.cl\/index.php?rest_route=\/wp\/v2\/pages\/184\/revisions\/203"}],"wp:attachment":[{"href":"https:\/\/www.inspex.cl\/index.php?rest_route=%2Fwp%2Fv2%2Fmedia&parent=184"}],"curies":[{"name":"wp","href":"https:\/\/api.w.org\/{rel}","templated":true}]}}